{"id":64,"date":"2021-03-22T14:41:04","date_gmt":"2021-03-22T14:41:04","guid":{"rendered":"https:\/\/michas-autoshop.de\/?page_id=64"},"modified":"2021-11-10T15:45:22","modified_gmt":"2021-11-10T14:45:22","slug":"team","status":"publish","type":"page","link":"https:\/\/michas-autoshop.de\/index.php\/team\/","title":{"rendered":"Team"},"content":{"rendered":"\t\t<div data-elementor-type=\"wp-page\" data-elementor-id=\"64\" class=\"elementor elementor-64\">\n\t\t\t\t\t\t<section class=\"elementor-section elementor-top-section elementor-element elementor-element-043f86a elementor-section-boxed elementor-section-height-default elementor-section-height-default\" data-id=\"043f86a\" data-element_type=\"section\" data-e-type=\"section\">\n\t\t\t\t\t\t<div class=\"elementor-container elementor-column-gap-default\">\n\t\t\t\t\t<div class=\"elementor-column elementor-col-100 elementor-top-column elementor-element elementor-element-93c8f19\" data-id=\"93c8f19\" data-element_type=\"column\" data-e-type=\"column\">\n\t\t\t<div class=\"elementor-widget-wrap elementor-element-populated\">\n\t\t\t\t\t\t<div class=\"elementor-element elementor-element-e5053fe elementor-widget elementor-widget-image\" data-id=\"e5053fe\" data-element_type=\"widget\" data-e-type=\"widget\" data-widget_type=\"image.default\">\n\t\t\t\t<div class=\"elementor-widget-container\">\n\t\t\t\t\t\t\t\t\t\t\t\t\t\t\t<img fetchpriority=\"high\" decoding=\"async\" width=\"768\" height=\"576\" src=\"https:\/\/i0.wp.com\/michas-autoshop.de\/wp-content\/uploads\/2021\/11\/20210705_080325-scaled.jpg?fit=768%2C576&amp;ssl=1\" class=\"attachment-medium_large size-medium_large wp-image-1565\" alt=\"Team\" srcset=\"https:\/\/i0.wp.com\/michas-autoshop.de\/wp-content\/uploads\/2021\/11\/20210705_080325-scaled.jpg?w=2560&amp;ssl=1 2560w, https:\/\/i0.wp.com\/michas-autoshop.de\/wp-content\/uploads\/2021\/11\/20210705_080325-scaled.jpg?resize=300%2C225&amp;ssl=1 300w, https:\/\/i0.wp.com\/michas-autoshop.de\/wp-content\/uploads\/2021\/11\/20210705_080325-scaled.jpg?resize=1024%2C768&amp;ssl=1 1024w, https:\/\/i0.wp.com\/michas-autoshop.de\/wp-content\/uploads\/2021\/11\/20210705_080325-scaled.jpg?resize=768%2C576&amp;ssl=1 768w, https:\/\/i0.wp.com\/michas-autoshop.de\/wp-content\/uploads\/2021\/11\/20210705_080325-scaled.jpg?resize=1536%2C1152&amp;ssl=1 1536w, https:\/\/i0.wp.com\/michas-autoshop.de\/wp-content\/uploads\/2021\/11\/20210705_080325-scaled.jpg?resize=2048%2C1536&amp;ssl=1 2048w, https:\/\/i0.wp.com\/michas-autoshop.de\/wp-content\/uploads\/2021\/11\/20210705_080325-scaled.jpg?w=2400&amp;ssl=1 2400w\" sizes=\"(max-width: 768px) 100vw, 768px\" \/>\t\t\t\t\t\t\t\t\t\t\t\t\t\t\t<\/div>\n\t\t\t\t<\/div>\n\t\t\t\t<div class=\"elementor-element elementor-element-b38a1a2 elementor-widget elementor-widget-text-editor\" data-id=\"b38a1a2\" data-element_type=\"widget\" data-e-type=\"widget\" data-widget_type=\"text-editor.default\">\n\t\t\t\t<div class=\"elementor-widget-container\">\n\t\t\t\t\t\t\t\t\t<section class=\"elementor-section elementor-top-section elementor-element elementor-element-8bc3942 elementor-section-boxed elementor-section-height-default elementor-section-height-default\" data-id=\"8bc3942\" data-element_type=\"section\"><div class=\"elementor-container elementor-column-gap-default\"><div class=\"elementor-column elementor-col-100 elementor-top-column elementor-element elementor-element-16ab9b7\" data-id=\"16ab9b7\" data-element_type=\"column\"><div class=\"elementor-widget-wrap elementor-element-populated\"><div class=\"elementor-element elementor-element-788f742 elementor-widget elementor-widget-text-editor\" data-id=\"788f742\" data-element_type=\"widget\" data-widget_type=\"text-editor.default\"><div class=\"elementor-widget-container\"><p><span style=\"color: #ffffff;\">Unser Team:<\/span><\/p><ul><li><span style=\"color: #ffffff;\">T. Kr\u00fcger (Inhaber, Gesch\u00e4ftsf\u00fchrer)<\/span><\/li><li><span style=\"color: #ffffff;\">M. Kr\u00fcger (Stellvertretender Gesch\u00e4ftsf\u00fchrer)<\/span><\/li><li><span style=\"color: #ffffff;\">A. Kr\u00fcger (Mitarbeiterin)<\/span><\/li><li><span style=\"color: #ffffff;\">M. Heger (Mitarbeiter)<\/span><\/li><\/ul><\/div><\/div><\/div><\/div><\/div><\/section>\t\t\t\t\t\t\t\t<\/div>\n\t\t\t\t<\/div>\n\t\t\t\t\t<\/div>\n\t\t<\/div>\n\t\t\t\t\t<\/div>\n\t\t<\/section>\n\t\t\t\t<\/div>\n\t\t","protected":false},"excerpt":{"rendered":"<p>Unser Team: T. Kr\u00fcger (Inhaber, Gesch\u00e4ftsf\u00fchrer) M. Kr\u00fcger (Stellvertretender Gesch\u00e4ftsf\u00fchrer) A. Kr\u00fcger (Mitarbeiterin) M. Heger (Mitarbeiter)<\/p>\n","protected":false},"author":1,"featured_media":0,"parent":0,"menu_order":0,"comment_status":"closed","ping_status":"closed","template":"","meta":{"ocean_post_layout":"full-screen","ocean_both_sidebars_style":"","ocean_both_sidebars_content_width":0,"ocean_both_sidebars_sidebars_width":0,"ocean_sidebar":"0","ocean_second_sidebar":"0","ocean_disable_margins":"on","ocean_add_body_class":"","ocean_shortcode_before_top_bar":"","ocean_shortcode_after_top_bar":"","ocean_shortcode_before_header":"","ocean_shortcode_after_header":"","ocean_has_shortcode":"","ocean_shortcode_after_title":"","ocean_shortcode_before_footer_widgets":"","ocean_shortcode_after_footer_widgets":"","ocean_shortcode_before_footer_bottom":"","ocean_shortcode_after_footer_bottom":"","ocean_display_top_bar":"on","ocean_display_header":"off","ocean_header_style":"","ocean_center_header_left_menu":"0","ocean_custom_header_template":"0","ocean_custom_logo":0,"ocean_custom_retina_logo":0,"ocean_custom_logo_max_width":0,"ocean_custom_logo_tablet_max_width":0,"ocean_custom_logo_mobile_max_width":0,"ocean_custom_logo_max_height":0,"ocean_custom_logo_tablet_max_height":0,"ocean_custom_logo_mobile_max_height":0,"ocean_header_custom_menu":"0","ocean_menu_typo_font_family":"0","ocean_menu_typo_font_subset":"","ocean_menu_typo_font_size":0,"ocean_menu_typo_font_size_tablet":0,"ocean_menu_typo_font_size_mobile":0,"ocean_menu_typo_font_size_unit":"px","ocean_menu_typo_font_weight":"","ocean_menu_typo_font_weight_tablet":"","ocean_menu_typo_font_weight_mobile":"","ocean_menu_typo_transform":"","ocean_menu_typo_transform_tablet":"","ocean_menu_typo_transform_mobile":"","ocean_menu_typo_line_height":0,"ocean_menu_typo_line_height_tablet":0,"ocean_menu_typo_line_height_mobile":0,"ocean_menu_typo_line_height_unit":"","ocean_menu_typo_spacing":0,"ocean_menu_typo_spacing_tablet":0,"ocean_menu_typo_spacing_mobile":0,"ocean_menu_typo_spacing_unit":"","ocean_menu_link_color":"","ocean_menu_link_color_hover":"","ocean_menu_link_color_active":"","ocean_menu_link_background":"","ocean_menu_link_hover_background":"","ocean_menu_link_active_background":"","ocean_menu_social_links_bg":"","ocean_menu_social_hover_links_bg":"","ocean_menu_social_links_color":"","ocean_menu_social_hover_links_color":"","ocean_disable_title":"on","ocean_disable_heading":"default","ocean_post_title":"","ocean_post_subheading":"","ocean_post_title_style":"","ocean_post_title_background_color":"","ocean_post_title_background":0,"ocean_post_title_bg_image_position":"","ocean_post_title_bg_image_attachment":"","ocean_post_title_bg_image_repeat":"","ocean_post_title_bg_image_size":"","ocean_post_title_height":0,"ocean_post_title_bg_overlay":0.5,"ocean_post_title_bg_overlay_color":"","ocean_disable_breadcrumbs":"off","ocean_breadcrumbs_color":"","ocean_breadcrumbs_separator_color":"","ocean_breadcrumbs_links_color":"","ocean_breadcrumbs_links_hover_color":"","ocean_display_footer_widgets":"off","ocean_display_footer_bottom":"on","ocean_custom_footer_template":"0","footnotes":""},"class_list":["post-64","page","type-page","status-publish","hentry","entry"],"jetpack_sharing_enabled":true,"_links":{"self":[{"href":"https:\/\/michas-autoshop.de\/index.php\/wp-json\/wp\/v2\/pages\/64","targetHints":{"allow":["GET"]}}],"collection":[{"href":"https:\/\/michas-autoshop.de\/index.php\/wp-json\/wp\/v2\/pages"}],"about":[{"href":"https:\/\/michas-autoshop.de\/index.php\/wp-json\/wp\/v2\/types\/page"}],"author":[{"embeddable":true,"href":"https:\/\/michas-autoshop.de\/index.php\/wp-json\/wp\/v2\/users\/1"}],"replies":[{"embeddable":true,"href":"https:\/\/michas-autoshop.de\/index.php\/wp-json\/wp\/v2\/comments?post=64"}],"version-history":[{"count":37,"href":"https:\/\/michas-autoshop.de\/index.php\/wp-json\/wp\/v2\/pages\/64\/revisions"}],"predecessor-version":[{"id":1643,"href":"https:\/\/michas-autoshop.de\/index.php\/wp-json\/wp\/v2\/pages\/64\/revisions\/1643"}],"wp:attachment":[{"href":"https:\/\/michas-autoshop.de\/index.php\/wp-json\/wp\/v2\/media?parent=64"}],"curies":[{"name":"wp","href":"https:\/\/api.w.org\/{rel}","templated":true}]}}