{"id":946,"date":"2021-05-17T19:00:57","date_gmt":"2021-05-17T17:00:57","guid":{"rendered":"https:\/\/michas-autoshop.de\/?page_id=946"},"modified":"2021-11-10T15:38:05","modified_gmt":"2021-11-10T14:38:05","slug":"vor-ort-service","status":"publish","type":"page","link":"https:\/\/michas-autoshop.de\/index.php\/service\/vor-ort-service\/","title":{"rendered":"Vor-Ort-Service"},"content":{"rendered":"\t\t<div data-elementor-type=\"wp-page\" data-elementor-id=\"946\" class=\"elementor elementor-946\">\n\t\t\t\t\t\t<section class=\"elementor-section elementor-top-section elementor-element elementor-element-c24ceac elementor-section-boxed elementor-section-height-default elementor-section-height-default\" data-id=\"c24ceac\" data-element_type=\"section\" data-e-type=\"section\">\n\t\t\t\t\t\t<div class=\"elementor-container elementor-column-gap-default\">\n\t\t\t\t\t<div class=\"elementor-column elementor-col-100 elementor-top-column elementor-element elementor-element-44b92ed\" data-id=\"44b92ed\" data-element_type=\"column\" data-e-type=\"column\">\n\t\t\t<div class=\"elementor-widget-wrap elementor-element-populated\">\n\t\t\t\t\t\t<div class=\"elementor-element elementor-element-2357525 elementor-widget elementor-widget-text-editor\" data-id=\"2357525\" data-element_type=\"widget\" data-e-type=\"widget\" data-widget_type=\"text-editor.default\">\n\t\t\t\t<div class=\"elementor-widget-container\">\n\t\t\t\t\t\t\t\t\t<p>Folgende Services bieten wir in unserem Ladengesch\u00e4ft an:<\/p><ul><li>Batteriewechsel<\/li><li>Gl\u00fchlampenwechsel<\/li><li>Wischblattwechsel<\/li><li>\u00d6lstandskontrolle<\/li><\/ul><p>F\u00fcr weitere Dienstleistungen kontaktieren Sie uns gern!<\/p>\t\t\t\t\t\t\t\t<\/div>\n\t\t\t\t<\/div>\n\t\t\t\t\t<\/div>\n\t\t<\/div>\n\t\t\t\t\t<\/div>\n\t\t<\/section>\n\t\t\t\t<section class=\"elementor-section elementor-top-section elementor-element elementor-element-ae86f01 elementor-section-boxed elementor-section-height-default elementor-section-height-default\" data-id=\"ae86f01\" data-element_type=\"section\" data-e-type=\"section\">\n\t\t\t\t\t\t<div class=\"elementor-container elementor-column-gap-default\">\n\t\t\t\t\t<div class=\"elementor-column elementor-col-100 elementor-top-column elementor-element elementor-element-572ab37\" data-id=\"572ab37\" data-element_type=\"column\" data-e-type=\"column\">\n\t\t\t<div class=\"elementor-widget-wrap elementor-element-populated\">\n\t\t\t\t\t\t<div class=\"elementor-element elementor-element-b71bbc2 elementor-widget elementor-widget-wp-widget-metaslider_widget\" data-id=\"b71bbc2\" data-element_type=\"widget\" data-e-type=\"widget\" data-widget_type=\"wp-widget-metaslider_widget.default\">\n\t\t\t\t<div class=\"elementor-widget-container\">\n\t\t\t\t\t<h5>Service<\/h5><div id=\"metaslider-id-1629\" style=\"width: 100%;\" class=\"ml-slider-3-108-0 metaslider metaslider-responsive metaslider-1629 ml-slider has-dots-nav ms-theme-default\" role=\"region\" aria-label=\"Service\" data-height=\"300\" data-width=\"400\">\n    <div id=\"metaslider_container_1629\">\n        <ul id='metaslider_1629' class='rslides'>\n            <li aria-roledescription='slide' aria-labelledby='slide-0'><img fetchpriority=\"high\" decoding=\"async\" width=\"2560\" height=\"1920\" src=\"https:\/\/i0.wp.com\/michas-autoshop.de\/wp-content\/uploads\/2021\/11\/20210714_132528-scaled.jpg?fit=2560%2C1920&amp;ssl=1\" class=\"slider-1629 slide-1632 msDefaultImage\" alt=\"\" rel=\"\" title=\"20210714_132528\" srcset=\"https:\/\/i0.wp.com\/michas-autoshop.de\/wp-content\/uploads\/2021\/11\/20210714_132528-scaled.jpg?w=2560&amp;ssl=1 2560w, https:\/\/i0.wp.com\/michas-autoshop.de\/wp-content\/uploads\/2021\/11\/20210714_132528-scaled.jpg?resize=300%2C225&amp;ssl=1 300w, https:\/\/i0.wp.com\/michas-autoshop.de\/wp-content\/uploads\/2021\/11\/20210714_132528-scaled.jpg?resize=1024%2C768&amp;ssl=1 1024w, https:\/\/i0.wp.com\/michas-autoshop.de\/wp-content\/uploads\/2021\/11\/20210714_132528-scaled.jpg?resize=768%2C576&amp;ssl=1 768w, https:\/\/i0.wp.com\/michas-autoshop.de\/wp-content\/uploads\/2021\/11\/20210714_132528-scaled.jpg?resize=1536%2C1152&amp;ssl=1 1536w, https:\/\/i0.wp.com\/michas-autoshop.de\/wp-content\/uploads\/2021\/11\/20210714_132528-scaled.jpg?resize=2048%2C1536&amp;ssl=1 2048w, https:\/\/i0.wp.com\/michas-autoshop.de\/wp-content\/uploads\/2021\/11\/20210714_132528-scaled.jpg?w=2400&amp;ssl=1 2400w\" sizes=\"(max-width: 1200px) 100vw, 1200px\" \/><\/li>\n            <li style='display: none;' aria-roledescription='slide' aria-labelledby='slide-1'><img decoding=\"async\" width=\"2560\" height=\"1920\" src=\"https:\/\/i0.wp.com\/michas-autoshop.de\/wp-content\/uploads\/2021\/11\/20210714_132500-scaled.jpg?fit=2560%2C1920&amp;ssl=1\" class=\"slider-1629 slide-1633 msDefaultImage\" alt=\"Service\" rel=\"\" title=\"20210714_132500\" srcset=\"https:\/\/i0.wp.com\/michas-autoshop.de\/wp-content\/uploads\/2021\/11\/20210714_132500-scaled.jpg?w=2560&amp;ssl=1 2560w, https:\/\/i0.wp.com\/michas-autoshop.de\/wp-content\/uploads\/2021\/11\/20210714_132500-scaled.jpg?resize=300%2C225&amp;ssl=1 300w, https:\/\/i0.wp.com\/michas-autoshop.de\/wp-content\/uploads\/2021\/11\/20210714_132500-scaled.jpg?resize=1024%2C768&amp;ssl=1 1024w, https:\/\/i0.wp.com\/michas-autoshop.de\/wp-content\/uploads\/2021\/11\/20210714_132500-scaled.jpg?resize=768%2C576&amp;ssl=1 768w, https:\/\/i0.wp.com\/michas-autoshop.de\/wp-content\/uploads\/2021\/11\/20210714_132500-scaled.jpg?resize=1536%2C1152&amp;ssl=1 1536w, https:\/\/i0.wp.com\/michas-autoshop.de\/wp-content\/uploads\/2021\/11\/20210714_132500-scaled.jpg?resize=2048%2C1536&amp;ssl=1 2048w, https:\/\/i0.wp.com\/michas-autoshop.de\/wp-content\/uploads\/2021\/11\/20210714_132500-scaled.jpg?w=2400&amp;ssl=1 2400w\" sizes=\"(max-width: 1200px) 100vw, 1200px\" \/><\/li>\n            <li style='display: none;' aria-roledescription='slide' aria-labelledby='slide-2'><img decoding=\"async\" width=\"1600\" height=\"1200\" src=\"https:\/\/i0.wp.com\/michas-autoshop.de\/wp-content\/uploads\/2021\/05\/fahrrad-IMG-20210415-WA0044.jpg?fit=1600%2C1200&amp;ssl=1\" class=\"slider-1629 slide-1635 msDefaultImage\" alt=\"Michas Autoshop\" rel=\"\" title=\"fahrrad-IMG-20210415-WA0044\" srcset=\"https:\/\/i0.wp.com\/michas-autoshop.de\/wp-content\/uploads\/2021\/05\/fahrrad-IMG-20210415-WA0044.jpg?w=1600&amp;ssl=1 1600w, https:\/\/i0.wp.com\/michas-autoshop.de\/wp-content\/uploads\/2021\/05\/fahrrad-IMG-20210415-WA0044.jpg?resize=300%2C225&amp;ssl=1 300w, https:\/\/i0.wp.com\/michas-autoshop.de\/wp-content\/uploads\/2021\/05\/fahrrad-IMG-20210415-WA0044.jpg?resize=1024%2C768&amp;ssl=1 1024w, https:\/\/i0.wp.com\/michas-autoshop.de\/wp-content\/uploads\/2021\/05\/fahrrad-IMG-20210415-WA0044.jpg?resize=768%2C576&amp;ssl=1 768w, https:\/\/i0.wp.com\/michas-autoshop.de\/wp-content\/uploads\/2021\/05\/fahrrad-IMG-20210415-WA0044.jpg?resize=1536%2C1152&amp;ssl=1 1536w\" sizes=\"(max-width: 1200px) 100vw, 1200px\" \/><div class=\"caption-wrap\"><div class=\"caption\">Michas Autoshop<\/div><\/div><\/li>\n        <\/ul>\n        \n    <\/div>\n<\/div>\t\t\t\t<\/div>\n\t\t\t\t<\/div>\n\t\t\t\t\t<\/div>\n\t\t<\/div>\n\t\t\t\t\t<\/div>\n\t\t<\/section>\n\t\t\t\t<\/div>\n\t\t","protected":false},"excerpt":{"rendered":"<p>Folgende Services bieten wir in unserem Ladengesch\u00e4ft an: Batteriewechsel Gl\u00fchlampenwechsel Wischblattwechsel \u00d6lstandskontrolle F\u00fcr weitere Dienstleistungen kontaktieren Sie uns gern!<\/p>\n","protected":false},"author":1,"featured_media":0,"parent":598,"menu_order":0,"comment_status":"closed","ping_status":"closed","template":"","meta":{"ocean_post_layout":"","ocean_both_sidebars_style":"","ocean_both_sidebars_content_width":0,"ocean_both_sidebars_sidebars_width":0,"ocean_sidebar":"0","ocean_second_sidebar":"0","ocean_disable_margins":"enable","ocean_add_body_class":"","ocean_shortcode_before_top_bar":"","ocean_shortcode_after_top_bar":"","ocean_shortcode_before_header":"","ocean_shortcode_after_header":"","ocean_has_shortcode":"","ocean_shortcode_after_title":"","ocean_shortcode_before_footer_widgets":"","ocean_shortcode_after_footer_widgets":"","ocean_shortcode_before_footer_bottom":"","ocean_shortcode_after_footer_bottom":"","ocean_display_top_bar":"on","ocean_display_header":"off","ocean_header_style":"","ocean_center_header_left_menu":"0","ocean_custom_header_template":"0","ocean_custom_logo":0,"ocean_custom_retina_logo":0,"ocean_custom_logo_max_width":0,"ocean_custom_logo_tablet_max_width":0,"ocean_custom_logo_mobile_max_width":0,"ocean_custom_logo_max_height":0,"ocean_custom_logo_tablet_max_height":0,"ocean_custom_logo_mobile_max_height":0,"ocean_header_custom_menu":"0","ocean_menu_typo_font_family":"Roboto Slab","ocean_menu_typo_font_subset":"","ocean_menu_typo_font_size":0,"ocean_menu_typo_font_size_tablet":0,"ocean_menu_typo_font_size_mobile":0,"ocean_menu_typo_font_size_unit":"px","ocean_menu_typo_font_weight":"","ocean_menu_typo_font_weight_tablet":"","ocean_menu_typo_font_weight_mobile":"","ocean_menu_typo_transform":"","ocean_menu_typo_transform_tablet":"","ocean_menu_typo_transform_mobile":"","ocean_menu_typo_line_height":0,"ocean_menu_typo_line_height_tablet":0,"ocean_menu_typo_line_height_mobile":0,"ocean_menu_typo_line_height_unit":"","ocean_menu_typo_spacing":0,"ocean_menu_typo_spacing_tablet":0,"ocean_menu_typo_spacing_mobile":0,"ocean_menu_typo_spacing_unit":"","ocean_menu_link_color":"#ffffff","ocean_menu_link_color_hover":"","ocean_menu_link_color_active":"","ocean_menu_link_background":"#3e3f9b","ocean_menu_link_hover_background":"","ocean_menu_link_active_background":"","ocean_menu_social_links_bg":"","ocean_menu_social_hover_links_bg":"","ocean_menu_social_links_color":"","ocean_menu_social_hover_links_color":"","ocean_disable_title":"on","ocean_disable_heading":"default","ocean_post_title":"","ocean_post_subheading":"","ocean_post_title_style":"","ocean_post_title_background_color":"","ocean_post_title_background":0,"ocean_post_title_bg_image_position":"","ocean_post_title_bg_image_attachment":"","ocean_post_title_bg_image_repeat":"","ocean_post_title_bg_image_size":"","ocean_post_title_height":0,"ocean_post_title_bg_overlay":0.5,"ocean_post_title_bg_overlay_color":"","ocean_disable_breadcrumbs":"off","ocean_breadcrumbs_color":"","ocean_breadcrumbs_separator_color":"","ocean_breadcrumbs_links_color":"","ocean_breadcrumbs_links_hover_color":"","ocean_display_footer_widgets":"off","ocean_display_footer_bottom":"on","ocean_custom_footer_template":"0","footnotes":""},"class_list":["post-946","page","type-page","status-publish","hentry","entry"],"jetpack_sharing_enabled":true,"_links":{"self":[{"href":"https:\/\/michas-autoshop.de\/index.php\/wp-json\/wp\/v2\/pages\/946","targetHints":{"allow":["GET"]}}],"collection":[{"href":"https:\/\/michas-autoshop.de\/index.php\/wp-json\/wp\/v2\/pages"}],"about":[{"href":"https:\/\/michas-autoshop.de\/index.php\/wp-json\/wp\/v2\/types\/page"}],"author":[{"embeddable":true,"href":"https:\/\/michas-autoshop.de\/index.php\/wp-json\/wp\/v2\/users\/1"}],"replies":[{"embeddable":true,"href":"https:\/\/michas-autoshop.de\/index.php\/wp-json\/wp\/v2\/comments?post=946"}],"version-history":[{"count":31,"href":"https:\/\/michas-autoshop.de\/index.php\/wp-json\/wp\/v2\/pages\/946\/revisions"}],"predecessor-version":[{"id":1638,"href":"https:\/\/michas-autoshop.de\/index.php\/wp-json\/wp\/v2\/pages\/946\/revisions\/1638"}],"up":[{"embeddable":true,"href":"https:\/\/michas-autoshop.de\/index.php\/wp-json\/wp\/v2\/pages\/598"}],"wp:attachment":[{"href":"https:\/\/michas-autoshop.de\/index.php\/wp-json\/wp\/v2\/media?parent=946"}],"curies":[{"name":"wp","href":"https:\/\/api.w.org\/{rel}","templated":true}]}}